{"id":185,"date":"2023-02-12T07:56:30","date_gmt":"2023-02-12T07:56:30","guid":{"rendered":"https:\/\/msworkwear.com\/duivenmarkt\/?page_id=185"},"modified":"2026-02-13T16:53:35","modified_gmt":"2026-02-13T16:53:35","slug":"fr","status":"publish","type":"page","link":"https:\/\/msworkwear.com\/duivenmarkt\/fr\/","title":{"rendered":"FR"},"content":{"rendered":"<h5 style=\"text-align: center;\"><strong>Le stationnement en tant que visiteur sur et autour du March\u00e9 aux Pigeons est interdit et sera signal\u00e9 !<\/strong><br \/>\n<strong>Nous attirons votre attention sur le fait qu&#8217;il est \u00e9galement interdit de traverser la Grote Markt en voiture.<\/strong><br \/>\n<strong>Regardez attentivement les panneaux de signalisation !<\/strong><br \/>\n<strong>Au centre-ville, la vitesse est limit\u00e9e \u00e0 30 km\/h et les cyclistes ne peuvent pas \u00eatre d\u00e9pass\u00e9s.<\/strong><\/h5>\n<p>&nbsp;<\/p>\n<p><strong>Visiteurs en voiture :<\/strong><\/p>\n<p>Les visiteurs arrivant en voiture doivent r\u00e9gler leur GPS sur le nom de rue &#8220;<strong>Aarschotsesteenweg 2<\/strong>&#8221; ou\u00a0 &#8220;<strong>Gasthuisvest<\/strong>&#8220;, 2500 Lier, Belgique. Ce sont deux parkings gratuits situ\u00e9s \u00e0 quelques minutes du March\u00e9 aux Pigeons.<\/p>\n<p><strong>Visiteurs en autocar :<\/strong><\/p>\n<p>Pour les visiteurs internationaux qui se rendent \u00e0 Lierre en autocar, une halte s\u00e9curis\u00e9e et une voie de stationnement sont r\u00e9serv\u00e9es dans la &#8220;<strong>Leuvensevest<\/strong>&#8221; entre 7h00 et 14h00. Veuillez monter et descendre du bus et marcher jusqu&#8217;au march\u00e9 aux pigeons.<\/p>\n","protected":false},"excerpt":{"rendered":"<p>Le stationnement en tant que visiteur sur et autour du March\u00e9 aux Pigeons est interdit et sera signal\u00e9 ! Nous attirons votre attention sur le fait qu&#8217;il est \u00e9galement interdit de traverser la Grote Markt en voiture. Regardez attentivement les panneaux de signalisation ! Au centre-ville, la vitesse est limit\u00e9e \u00e0 30 km\/h et les [&hellip;]<\/p>\n","protected":false},"author":1,"featured_media":0,"parent":0,"menu_order":0,"comment_status":"closed","ping_status":"closed","template":"","meta":{"om_disable_all_campaigns":false,"footnotes":""},"class_list":["post-185","page","type-page","status-publish","hentry"],"_links":{"self":[{"href":"https:\/\/msworkwear.com\/duivenmarkt\/wp-json\/wp\/v2\/pages\/185","targetHints":{"allow":["GET"]}}],"collection":[{"href":"https:\/\/msworkwear.com\/duivenmarkt\/wp-json\/wp\/v2\/pages"}],"about":[{"href":"https:\/\/msworkwear.com\/duivenmarkt\/wp-json\/wp\/v2\/types\/page"}],"author":[{"embeddable":true,"href":"https:\/\/msworkwear.com\/duivenmarkt\/wp-json\/wp\/v2\/users\/1"}],"replies":[{"embeddable":true,"href":"https:\/\/msworkwear.com\/duivenmarkt\/wp-json\/wp\/v2\/comments?post=185"}],"version-history":[{"count":11,"href":"https:\/\/msworkwear.com\/duivenmarkt\/wp-json\/wp\/v2\/pages\/185\/revisions"}],"predecessor-version":[{"id":271,"href":"https:\/\/msworkwear.com\/duivenmarkt\/wp-json\/wp\/v2\/pages\/185\/revisions\/271"}],"wp:attachment":[{"href":"https:\/\/msworkwear.com\/duivenmarkt\/wp-json\/wp\/v2\/media?parent=185"}],"curies":[{"name":"wp","href":"https:\/\/api.w.org\/{rel}","templated":true}]}}